{"id":130,"date":"2021-10-01T15:21:04","date_gmt":"2021-10-01T13:21:04","guid":{"rendered":"https:\/\/stipendiat.handverksinstituttet.no\/treskjarerbloggen\/?page_id=130"},"modified":"2021-11-02T15:40:57","modified_gmt":"2021-11-02T14:40:57","slug":"personvernerklaering","status":"publish","type":"page","link":"https:\/\/stipendiat.handverksinstituttet.no\/treskjarerbloggen\/personvernerklaering\/","title":{"rendered":"Personvernerkl\u00e6ring"},"content":{"rendered":"\n<p>Her finner du oversikt over hvordan Stiftelsen Lillehammer museum h\u00e5ndterer dine personopplysninger i forbindelse med bruk av nettsidene v\u00e5re.<\/p>\n\n\n\n<p>Personvernerkl\u00e6ringen gjelder for alle nettsidene som h\u00f8rer inn under Stiftelsen Lillehammer museum.&nbsp;Norsk h\u00e5ndverksinstitutt er en enhet i&nbsp;Stiftelsen.<\/p>\n\n\n\n<p><strong>Behandlingsansvarlig<\/strong><strong><\/strong><br>Stiftelsen Lillehammer museum er behandlingsansvarlig for stiftelsens behandling av personopplysninger.<\/p>\n\n\n\n<h4 class=\"wp-block-heading\">Behandling av personopplysninger p\u00e5 nettsidene<\/h4>\n\n\n\n<p>Nettredakt\u00f8rene har det daglige ansvaret for behandling av personopplysninger p\u00e5 nettsidene v\u00e5re, med mindre annet er oppgitt. Det er frivillig for de som bes\u00f8ker nettsidene \u00e5 oppgi personopplysninger i forbindelse med tjenester, for eksempel \u00e5 motta nyhetsbrev. Behandlingsgrunnlaget er samtykke fra den enkelte, med mindre annet er spesifisert.<\/p>\n\n\n\n<p>Opplysninger som samles inn i forbindelse med drift av nettstedet, lagres p\u00e5 egne servere som driftes av dataleverand\u00f8rene. Det er kun vi og dataleverand\u00f8rene som har tilgang til opplysningene som samles inn. En egen databehandleravtale mellom oss og dataleverand\u00f8rene regulerer hvilken informasjon leverand\u00f8ren har tilgang til og hvordan den skal behandles. Dataene leveres ikke til tredjepart, med mindre det er lovp\u00e5lagt.<\/p>\n\n\n\n<h4 class=\"wp-block-heading\">Google Analytics<\/h4>\n\n\n\n<p>Vi bruker Google Analytics p\u00e5 nettsidene v\u00e5re. Form\u00e5let er \u00e5 utarbeide statistikk for \u00e5 forbedre og videreutvikle informasjonstilbudet p\u00e5 nettsidene. Eksempler p\u00e5 hva statistikken gir svar p\u00e5, er hvor mange som bes\u00f8ker nettsidene v\u00e5re, hvor mange ganger du har v\u00e6rt inne p\u00e5 v\u00e5re sider slik at vi kan skille mellom unike brukere, hvor lenge bes\u00f8ket varer, hvilke nettsteder brukerne kommer fra og hvilke nettlesere som benyttes.<\/p>\n\n\n\n<p>Opplysningene behandles i avidentifisert og aggregert form. Med avidentifisert menes at vi ikke kan spore opplysningene vi samler inn tilbake til den enkelte bruker.<\/p>\n\n\n\n<h4 class=\"wp-block-heading\">Informasjonskapsler (cookies)<\/h4>\n\n\n\n<p>Vi bruker informasjonskapsler, s\u00e5kalte cookies, for \u00e5 analysere brukerm\u00f8nsteret p\u00e5 nettstedet v\u00e5rt. Dette er en standard teknologi som de aller fleste nettsteder bruker i dag. Informasjonskapsler er sm\u00e5 tekstfiler eller bin\u00e6re data som nettstedet lagrer p\u00e5 brukerens datamaskin. Filene kan kun leses av administrasjonen av nettstedet og av brukeren selv. Bruk av nettstedet kan ikke spores tilbake til enkeltpersoner.<\/p>\n\n\n\n<p>Form\u00e5let med informasjonskapsler er \u00e5 f\u00e5 statistikk om bruken av nettstedet som hjelp til videre utvikling og forbedring av tjenesten. Informasjonskapsler inneholder ikke personopplysninger. Du kan hindre at informasjonskapsler lagres p\u00e5 datamaskinen ved \u00e5 endre innstillingene i nettleseren.<\/p>\n\n\n\n<h4 class=\"wp-block-heading\">Nyhetsbrev<\/h4>\n\n\n\n<p>Enhetene i stiftelsen sender jevnlig ut nyhetsbrev via e-post. For at vi skal kunne sende e-post m\u00e5 du registrere en e-postadresse. E-postadressen lagres i en egen database, den deles ikke med andre og slettes n\u00e5r du sier opp abonnementet. E-postadressen slettes ogs\u00e5 om vi f\u00e5r tilbakemelding om at den ikke er aktiv.&nbsp;Du kan n\u00e5r som helst melde deg av via nyhetsbrevet eller ved \u00e5 kontakte oss.<\/p>\n\n\n\n<h4 class=\"wp-block-heading\">Betalingsl\u00f8sning p\u00e5 nett<\/h4>\n\n\n\n<p>Hvis du kj\u00f8per billetter p\u00e5 nettsidene v\u00e5re brukes betalingstjenesten PayPal. Du trenger ikke \u00e5 oppgi betalingsopplysninger til Stiftelsen Lillehammer museum hvis du gjennomf\u00f8rer kj\u00f8pet som en PayPal-gjest. Da f\u00e5r vi kun beskjed om hvem som har betalt billetten(e), og bruker dette til kontroll ved ankomst. Personopplysningene lagres ikke av oss etter kontrollen.<\/p>\n\n\n\n<h4 class=\"wp-block-heading\">Rettigheter for den registrerte<\/h4>\n\n\n\n<p>Stiftelsen Lillehammer museum behandler personopplysningene dine i henhold til personopplysningsloven og gjeldende forskrifter. Det gj\u00f8res oppmerksom p\u00e5 at du kan kreve innsyn i, og flytting av egne personopplysninger, samt kreve retting eller sletting av opplysninger. Se kontaktinformasjon under.<\/p>\n\n\n\n<p>Krav fra den registrerte skal besvares kostnadsfritt og senest innen 30 dager. Det kan klages til Datatilsynet p\u00e5 behandling i strid med reglene.<\/p>\n\n\n\n<h4 class=\"wp-block-heading\">Kontaktinformasjon<\/h4>\n\n\n\n<p>Henvendelser om hvilke opplysninger som er registrert, retting og sletting kan sendes skriftlig til<\/p>\n\n\n\n<p><a href=\"mailto:post@handverksinstituttet.no\">post@handverksinstituttet.no<\/a><\/p>\n","protected":false},"excerpt":{"rendered":"<p>Her finner du oversikt over hvordan Stiftelsen Lillehammer museum h\u00e5ndterer dine personopplysninger i forbindelse med bruk av nettsidene v\u00e5re. Personvernerkl\u00e6ringen gjelder for alle nettsidene som h\u00f8rer inn under Stiftelsen Lillehammer museum.&nbsp;Norsk h\u00e5ndverksinstitutt er en enhet i&nbsp;Stiftelsen. BehandlingsansvarligStiftelsen Lillehammer museum er behandlingsansvarlig for stiftelsens behandling av personopplysninger. Behandling av personopplysninger p\u00e5 nettsidene Nettredakt\u00f8rene har det daglige&hellip;<\/p>\n","protected":false},"author":1,"featured_media":0,"parent":0,"menu_order":0,"comment_status":"closed","ping_status":"closed","template":"","meta":{"inline_featured_image":false,"_coblocks_attr":"","_coblocks_dimensions":"","_coblocks_responsive_height":"","_coblocks_accordion_ie_support":"","footnotes":""},"class_list":["post-130","page","type-page","status-publish","hentry"],"_links":{"self":[{"href":"https:\/\/stipendiat.handverksinstituttet.no\/treskjarerbloggen\/wp-json\/wp\/v2\/pages\/130","targetHints":{"allow":["GET"]}}],"collection":[{"href":"https:\/\/stipendiat.handverksinstituttet.no\/treskjarerbloggen\/wp-json\/wp\/v2\/pages"}],"about":[{"href":"https:\/\/stipendiat.handverksinstituttet.no\/treskjarerbloggen\/wp-json\/wp\/v2\/types\/page"}],"author":[{"embeddable":true,"href":"https:\/\/stipendiat.handverksinstituttet.no\/treskjarerbloggen\/wp-json\/wp\/v2\/users\/1"}],"replies":[{"embeddable":true,"href":"https:\/\/stipendiat.handverksinstituttet.no\/treskjarerbloggen\/wp-json\/wp\/v2\/comments?post=130"}],"version-history":[{"count":0,"href":"https:\/\/stipendiat.handverksinstituttet.no\/treskjarerbloggen\/wp-json\/wp\/v2\/pages\/130\/revisions"}],"wp:attachment":[{"href":"https:\/\/stipendiat.handverksinstituttet.no\/treskjarerbloggen\/wp-json\/wp\/v2\/media?parent=130"}],"curies":[{"name":"wp","href":"https:\/\/api.w.org\/{rel}","templated":true}]}}